{"id":7119,"date":"2023-08-28T15:45:49","date_gmt":"2023-08-28T21:45:49","guid":{"rendered":"https:\/\/fcbcrea.com\/cr\/?page_id=7119"},"modified":"2023-08-28T15:50:21","modified_gmt":"2023-08-28T21:50:21","slug":"deliciosa-inspiracion","status":"publish","type":"page","link":"https:\/\/fcbcrea.com\/cr\/deliciosa-inspiracion\/","title":{"rendered":"Deliciosa inspiraci\u00f3n"},"content":{"rendered":"\t\t<div data-elementor-type=\"wp-page\" data-elementor-id=\"7119\" class=\"elementor elementor-7119\">\n\t\t\t\t\t\t<section class=\"elementor-section elementor-top-section elementor-element elementor-element-03ba5af elementor-section-boxed elementor-section-height-default elementor-section-height-default\" data-id=\"03ba5af\" data-element_type=\"section\">\n\t\t\t\t\t\t<div class=\"elementor-container elementor-column-gap-default\">\n\t\t\t\t\t<div class=\"elementor-column elementor-col-100 elementor-top-column elementor-element elementor-element-77cf1d4\" data-id=\"77cf1d4\" data-element_type=\"column\">\n\t\t\t<div class=\"elementor-widget-wrap elementor-element-populated\">\n\t\t\t\t\t\t<div class=\"elementor-element elementor-element-7df2829 elementor-widget elementor-widget-image\" data-id=\"7df2829\" data-element_type=\"widget\" data-widget_type=\"image.default\">\n\t\t\t\t<div class=\"elementor-widget-container\">\n\t\t\t\t\t\t\t\t\t\t\t\t\t\t\t<img fetchpriority=\"high\" decoding=\"async\" width=\"800\" height=\"450\" src=\"https:\/\/fcbcrea.com\/cr\/wp-content\/uploads\/sites\/9\/2023\/08\/Banner_Deliciosa-Inspiracio\u0301n-copy.png\" class=\"attachment-large size-large wp-image-7118\" alt=\"\" srcset=\"https:\/\/fcbcrea.com\/cr\/wp-content\/uploads\/sites\/9\/2023\/08\/Banner_Deliciosa-Inspiracio\u0301n-copy.png 800w, https:\/\/fcbcrea.com\/cr\/wp-content\/uploads\/sites\/9\/2023\/08\/Banner_Deliciosa-Inspiracio\u0301n-copy-300x169.png 300w, https:\/\/fcbcrea.com\/cr\/wp-content\/uploads\/sites\/9\/2023\/08\/Banner_Deliciosa-Inspiracio\u0301n-copy-768x432.png 768w, https:\/\/fcbcrea.com\/cr\/wp-content\/uploads\/sites\/9\/2023\/08\/Banner_Deliciosa-Inspiracio\u0301n-copy-360x203.png 360w, https:\/\/fcbcrea.com\/cr\/wp-content\/uploads\/sites\/9\/2023\/08\/Banner_Deliciosa-Inspiracio\u0301n-copy-373x210.png 373w, https:\/\/fcbcrea.com\/cr\/wp-content\/uploads\/sites\/9\/2023\/08\/Banner_Deliciosa-Inspiracio\u0301n-copy-80x45.png 80w, https:\/\/fcbcrea.com\/cr\/wp-content\/uploads\/sites\/9\/2023\/08\/Banner_Deliciosa-Inspiracio\u0301n-copy-620x349.png 620w, https:\/\/fcbcrea.com\/cr\/wp-content\/uploads\/sites\/9\/2023\/08\/Banner_Deliciosa-Inspiracio\u0301n-copy-460x259.png 460w, https:\/\/fcbcrea.com\/cr\/wp-content\/uploads\/sites\/9\/2023\/08\/Banner_Deliciosa-Inspiracio\u0301n-copy-365x205.png 365w, https:\/\/fcbcrea.com\/cr\/wp-content\/uploads\/sites\/9\/2023\/08\/Banner_Deliciosa-Inspiracio\u0301n-copy-600x338.png 600w\" sizes=\"(max-width: 800px) 100vw, 800px\" \/>\t\t\t\t\t\t\t\t\t\t\t\t\t\t\t<\/div>\n\t\t\t\t<\/div>\n\t\t\t\t\t<\/div>\n\t\t<\/div>\n\t\t\t\t\t<\/div>\n\t\t<\/section>\n\t\t\t\t<section class=\"elementor-section elementor-top-section elementor-element elementor-element-0b54d16 elementor-section-boxed elementor-section-height-default elementor-section-height-default\" data-id=\"0b54d16\" data-element_type=\"section\">\n\t\t\t\t\t\t<div class=\"elementor-container elementor-column-gap-default\">\n\t\t\t\t\t<div class=\"elementor-column elementor-col-100 elementor-top-column elementor-element elementor-element-6b048cb\" data-id=\"6b048cb\" data-element_type=\"column\">\n\t\t\t<div class=\"elementor-widget-wrap elementor-element-populated\">\n\t\t\t\t\t\t<div class=\"elementor-element elementor-element-407cce6 elementor-widget elementor-widget-heading\" data-id=\"407cce6\" data-element_type=\"widget\" data-widget_type=\"heading.default\">\n\t\t\t\t<div class=\"elementor-widget-container\">\n\t\t\t\t\t<h2 class=\"elementor-heading-title elementor-size-default\"><h2 data-elementor-setting-key=\"title\" data-pen-placeholder=\"Type Here...\" style=\"font-weight: 600;font-size: 32px;, arial;text-align: center\">Deliciosa inspiraci\u00f3n<\/h2><\/h2>\t\t\t\t<\/div>\n\t\t\t\t<\/div>\n\t\t\t\t\t<\/div>\n\t\t<\/div>\n\t\t\t\t\t<\/div>\n\t\t<\/section>\n\t\t\t\t<section class=\"elementor-section elementor-top-section elementor-element elementor-element-f96dd30 elementor-section-boxed elementor-section-height-default elementor-section-height-default\" data-id=\"f96dd30\" data-element_type=\"section\">\n\t\t\t\t\t\t<div class=\"elementor-container elementor-column-gap-default\">\n\t\t\t\t\t<div class=\"elementor-column elementor-col-100 elementor-top-column elementor-element elementor-element-61abe30\" data-id=\"61abe30\" data-element_type=\"column\">\n\t\t\t<div class=\"elementor-widget-wrap elementor-element-populated\">\n\t\t\t\t\t\t<div class=\"elementor-element elementor-element-36f11e2 elementor-widget elementor-widget-heading\" data-id=\"36f11e2\" data-element_type=\"widget\" data-widget_type=\"heading.default\">\n\t\t\t\t<div class=\"elementor-widget-container\">\n\t\t\t\t\t<h2 class=\"elementor-heading-title elementor-size-default\"><h2 data-elementor-setting-key=\"title\" data-pen-placeholder=\"Type Here...\" style=\"font-weight: 500;font-size: 20px;, arial;text-align: center\">Dos Pinos<\/h2><\/h2>\t\t\t\t<\/div>\n\t\t\t\t<\/div>\n\t\t\t\t\t<\/div>\n\t\t<\/div>\n\t\t\t\t\t<\/div>\n\t\t<\/section>\n\t\t\t\t<section class=\"elementor-section elementor-top-section elementor-element elementor-element-f5f0acd elementor-section-boxed elementor-section-height-default elementor-section-height-default\" data-id=\"f5f0acd\" data-element_type=\"section\">\n\t\t\t\t\t\t<div class=\"elementor-container elementor-column-gap-default\">\n\t\t\t\t\t<div class=\"elementor-column elementor-col-100 elementor-top-column elementor-element elementor-element-6f4232a\" data-id=\"6f4232a\" data-element_type=\"column\">\n\t\t\t<div class=\"elementor-widget-wrap elementor-element-populated\">\n\t\t\t\t\t\t<div class=\"elementor-element elementor-element-6f1280e elementor-widget elementor-widget-text-editor\" data-id=\"6f1280e\" data-element_type=\"widget\" data-widget_type=\"text-editor.default\">\n\t\t\t\t<div class=\"elementor-widget-container\">\n\t\t\t\t\t\t\t\t\t<p style=\"color: #40434b; font-family: 'Code Pro', arial; font-size: 16px;\"><span style=\"font-weight: bolder;\">Contexto: <\/span><span class=\"s1\">La \u00e9poca de pandemia, si bien nos mantuvo en casa durante un tiempo considerable, nos puso a prueba y permiti\u00f3 sacar nuestro lado m\u00e1s creativo para disfrutar momentos en familia.<\/span><\/p><p style=\"color: #40434b; font-family: 'Code Pro', arial; font-size: 16px;\"><span style=\"font-weight: bolder;\">Reto<\/span>:\u00a0<span class=\"s1\">E<\/span><span class=\"s1\">ncontrar una forma para acercarnos a los consumidores, con mensajes e ideas de valor para hacer preparaciones f\u00e1ciles, ricas y saludables para todos en casa. Posicionar la marca en el momento presente.<\/span><\/p><p style=\"color: #40434b; font-family: 'Code Pro', arial; font-size: 16px;\"><span style=\"font-weight: bolder;\">La soluci\u00f3n:\u00a0<\/span><span class=\"s1\">C<\/span><span class=\"s1\">reamos la plataforma \u201cDeliciosa Inspiraci\u00f3n\u201d como un espacio de creaci\u00f3n, aprendizaje y nutrici\u00f3n para los ticos, a trav\u00e9s de sencillas recetas preparadas con productos <\/span><span class=\"s1\">Dos Pinos. De esta manera logramos inspirar a los seguidores a cocinar aumentando la fidelidad hacia la marca. El sue\u00f1o continu\u00f3 y, respondiendo a los cambios del mercado, logramos refrescar el enfoque de la plataforma; pensando en las necesidades actuales del p\u00fablico adapt\u00e1ndonos a ello siempre con ideas pr\u00e1cticas y sobre todo, deliciosas para todos nuestros seguidores.<\/span><\/p>\t\t\t\t\t\t\t\t<\/div>\n\t\t\t\t<\/div>\n\t\t\t\t\t<\/div>\n\t\t<\/div>\n\t\t\t\t\t<\/div>\n\t\t<\/section>\n\t\t\t\t<\/div>\n\t\t","protected":false},"excerpt":{"rendered":"<p class=\"tx-excerpt\">Deliciosa inspiraci\u00f3n Dos Pinos Contexto: La \u00e9poca de pandemia, si bien nos mantuvo en casa durante un tiempo considerable, nos puso a prueba","protected":false},"author":1,"featured_media":0,"parent":0,"menu_order":0,"comment_status":"closed","ping_status":"closed","template":"","meta":{"_acf_changed":false,"footnotes":""},"class_list":["post-7119","page","type-page","status-publish","hentry"],"acf":[],"_links":{"self":[{"href":"https:\/\/fcbcrea.com\/cr\/wp-json\/wp\/v2\/pages\/7119","targetHints":{"allow":["GET"]}}],"collection":[{"href":"https:\/\/fcbcrea.com\/cr\/wp-json\/wp\/v2\/pages"}],"about":[{"href":"https:\/\/fcbcrea.com\/cr\/wp-json\/wp\/v2\/types\/page"}],"author":[{"embeddable":true,"href":"https:\/\/fcbcrea.com\/cr\/wp-json\/wp\/v2\/users\/1"}],"replies":[{"embeddable":true,"href":"https:\/\/fcbcrea.com\/cr\/wp-json\/wp\/v2\/comments?post=7119"}],"version-history":[{"count":4,"href":"https:\/\/fcbcrea.com\/cr\/wp-json\/wp\/v2\/pages\/7119\/revisions"}],"predecessor-version":[{"id":7123,"href":"https:\/\/fcbcrea.com\/cr\/wp-json\/wp\/v2\/pages\/7119\/revisions\/7123"}],"wp:attachment":[{"href":"https:\/\/fcbcrea.com\/cr\/wp-json\/wp\/v2\/media?parent=7119"}],"curies":[{"name":"wp","href":"https:\/\/api.w.org\/{rel}","templated":true}]}}