{"id":235,"date":"2019-10-18T13:30:44","date_gmt":"2019-10-18T13:30:44","guid":{"rendered":"https:\/\/x-theme.net\/avas-creative-agency\/?page_id=235"},"modified":"2023-01-08T07:00:30","modified_gmt":"2023-01-08T07:00:30","slug":"nuestros-proyectos","status":"publish","type":"page","link":"https:\/\/fcbcrea.com\/sv\/nuestros-proyectos\/","title":{"rendered":"NUESTROS PROYECTOS"},"content":{"rendered":"\t\t<div data-elementor-type=\"wp-page\" data-elementor-id=\"235\" class=\"elementor elementor-235\">\n\t\t\t\t\t\t<section class=\"elementor-section elementor-top-section elementor-element elementor-element-3fffce9a elementor-section-stretched elementor-section-height-min-height box4 elementor-section-boxed elementor-section-height-default elementor-section-items-middle\" data-id=\"3fffce9a\" data-element_type=\"section\" data-settings=\"{&quot;stretch_section&quot;:&quot;section-stretched&quot;,&quot;background_background&quot;:&quot;classic&quot;,&quot;background_motion_fx_motion_fx_scrolling&quot;:&quot;yes&quot;,&quot;background_motion_fx_range&quot;:&quot;viewport&quot;,&quot;background_motion_fx_devices&quot;:[&quot;desktop&quot;,&quot;tablet&quot;,&quot;mobile&quot;]}\">\n\t\t\t\t\t\t\t<div class=\"elementor-background-overlay\"><\/div>\n\t\t\t\t\t\t\t<div class=\"elementor-container elementor-column-gap-default\">\n\t\t\t\t\t<div class=\"elementor-column elementor-col-33 elementor-top-column elementor-element elementor-element-26e3abdf\" data-id=\"26e3abdf\" data-element_type=\"column\">\n\t\t\t<div class=\"elementor-widget-wrap\">\n\t\t\t\t\t\t\t<\/div>\n\t\t<\/div>\n\t\t\t\t<div class=\"elementor-column elementor-col-33 elementor-top-column elementor-element elementor-element-1f111c19 box4\" data-id=\"1f111c19\" data-element_type=\"column\">\n\t\t\t<div class=\"elementor-widget-wrap elementor-element-populated\">\n\t\t\t\t\t\t<div class=\"elementor-element elementor-element-4121fc5a busca elementor-widget elementor-widget-heading\" data-id=\"4121fc5a\" data-element_type=\"widget\" data-widget_type=\"heading.default\">\n\t\t\t\t<div class=\"elementor-widget-container\">\n\t\t\t\t\t<h2 class=\"elementor-heading-title elementor-size-default\">Proyectos<\/h2>\t\t\t\t<\/div>\n\t\t\t\t<\/div>\n\t\t\t\t\t<\/div>\n\t\t<\/div>\n\t\t\t\t<div class=\"elementor-column elementor-col-33 elementor-top-column elementor-element elementor-element-5b517e01\" data-id=\"5b517e01\" data-element_type=\"column\">\n\t\t\t<div class=\"elementor-widget-wrap\">\n\t\t\t\t\t\t\t<\/div>\n\t\t<\/div>\n\t\t\t\t\t<\/div>\n\t\t<\/section>\n\t\t\t\t<section class=\"elementor-section elementor-top-section elementor-element elementor-element-7d09dc33 elementor-section-full_width elementor-section-stretched elementor-section-height-default elementor-section-height-default\" data-id=\"7d09dc33\" data-element_type=\"section\" data-settings=\"{&quot;stretch_section&quot;:&quot;section-stretched&quot;,&quot;background_background&quot;:&quot;classic&quot;}\">\n\t\t\t\t\t\t<div class=\"elementor-container elementor-column-gap-default\">\n\t\t\t\t\t<div class=\"elementor-column elementor-col-100 elementor-top-column elementor-element elementor-element-52769634 boxp\" data-id=\"52769634\" data-element_type=\"column\">\n\t\t\t<div class=\"elementor-widget-wrap elementor-element-populated\">\n\t\t\t\t\t\t<section class=\"elementor-section elementor-inner-section elementor-element elementor-element-2087dc1a elementor-section-full_width elementor-section-height-default elementor-section-height-default\" data-id=\"2087dc1a\" data-element_type=\"section\">\n\t\t\t\t\t\t<div class=\"elementor-container elementor-column-gap-default\">\n\t\t\t\t\t<div class=\"elementor-column elementor-col-50 elementor-inner-column elementor-element elementor-element-a5035d2\" data-id=\"a5035d2\" data-element_type=\"column\">\n\t\t\t<div class=\"elementor-widget-wrap elementor-element-populated\">\n\t\t\t\t\t\t<div class=\"elementor-element elementor-element-492b4a78 elementor-widget elementor-widget-image\" data-id=\"492b4a78\" data-element_type=\"widget\" data-widget_type=\"image.default\">\n\t\t\t\t<div class=\"elementor-widget-container\">\n\t\t\t\t\t\t\t\t\t\t\t\t\t\t\t<img fetchpriority=\"high\" decoding=\"async\" width=\"800\" height=\"450\" src=\"https:\/\/fcbcrea.com\/sv\/wp-content\/uploads\/sites\/4\/2022\/12\/Untitled-1.png\" class=\"attachment-full size-full wp-image-5913\" alt=\"\" srcset=\"https:\/\/fcbcrea.com\/sv\/wp-content\/uploads\/sites\/4\/2022\/12\/Untitled-1.png 800w, https:\/\/fcbcrea.com\/sv\/wp-content\/uploads\/sites\/4\/2022\/12\/Untitled-1-300x169.png 300w, https:\/\/fcbcrea.com\/sv\/wp-content\/uploads\/sites\/4\/2022\/12\/Untitled-1-768x432.png 768w, https:\/\/fcbcrea.com\/sv\/wp-content\/uploads\/sites\/4\/2022\/12\/Untitled-1-360x203.png 360w, https:\/\/fcbcrea.com\/sv\/wp-content\/uploads\/sites\/4\/2022\/12\/Untitled-1-373x210.png 373w, https:\/\/fcbcrea.com\/sv\/wp-content\/uploads\/sites\/4\/2022\/12\/Untitled-1-80x45.png 80w, https:\/\/fcbcrea.com\/sv\/wp-content\/uploads\/sites\/4\/2022\/12\/Untitled-1-620x349.png 620w, https:\/\/fcbcrea.com\/sv\/wp-content\/uploads\/sites\/4\/2022\/12\/Untitled-1-460x259.png 460w, https:\/\/fcbcrea.com\/sv\/wp-content\/uploads\/sites\/4\/2022\/12\/Untitled-1-365x205.png 365w, https:\/\/fcbcrea.com\/sv\/wp-content\/uploads\/sites\/4\/2022\/12\/Untitled-1-600x338.png 600w\" sizes=\"(max-width: 800px) 100vw, 800px\" \/>\t\t\t\t\t\t\t\t\t\t\t\t\t\t\t<\/div>\n\t\t\t\t<\/div>\n\t\t\t\t\t<\/div>\n\t\t<\/div>\n\t\t\t\t<div class=\"elementor-column elementor-col-50 elementor-inner-column elementor-element elementor-element-4cfb14a7 box1\" data-id=\"4cfb14a7\" data-element_type=\"column\">\n\t\t\t<div class=\"elementor-widget-wrap elementor-element-populated\">\n\t\t\t\t\t\t<div class=\"elementor-element elementor-element-4ea97e78 modo elementor-widget elementor-widget-heading\" data-id=\"4ea97e78\" data-element_type=\"widget\" data-widget_type=\"heading.default\">\n\t\t\t\t<div class=\"elementor-widget-container\">\n\t\t\t\t\t<h2 class=\"elementor-heading-title elementor-size-default\">En modo conquista<\/h2>\t\t\t\t<\/div>\n\t\t\t\t<\/div>\n\t\t\t\t<div class=\"elementor-element elementor-element-7cdd6683 elementor-widget elementor-widget-heading\" data-id=\"7cdd6683\" data-element_type=\"widget\" data-widget_type=\"heading.default\">\n\t\t\t\t<div class=\"elementor-widget-container\">\n\t\t\t\t\t<h2 class=\"elementor-heading-title elementor-size-default\">Movistar El Salvador<\/h2>\t\t\t\t<\/div>\n\t\t\t\t<\/div>\n\t\t\t\t<div class=\"elementor-element elementor-element-62269e9b elementor-widget__width-initial elementor-widget elementor-widget-text-editor\" data-id=\"62269e9b\" data-element_type=\"widget\" data-widget_type=\"text-editor.default\">\n\t\t\t\t<div class=\"elementor-widget-container\">\n\t\t\t\t\t\t\t\t\t<p>Para comunicar la nueva etapa en la actualizaci\u00f3n y modernizaci\u00f3n de la red, debemos definir una serie de acciones que refuercen las \u201creasons to believe\u201dde Movistar<\/p>\t\t\t\t\t\t\t\t<\/div>\n\t\t\t\t<\/div>\n\t\t\t\t<div class=\"elementor-element elementor-element-66383aac elementor-align-left elementor-widget elementor-widget-button\" data-id=\"66383aac\" data-element_type=\"widget\" data-widget_type=\"button.default\">\n\t\t\t\t<div class=\"elementor-widget-container\">\n\t\t\t\t\t\t\t\t\t<div class=\"elementor-button-wrapper\">\n\t\t\t\t\t<a class=\"elementor-button elementor-button-link elementor-size-sm\" href=\"https:\/\/fcbcrea.com\/sv\/modo-conquista\/\">\n\t\t\t\t\t\t<span class=\"elementor-button-content-wrapper\">\n\t\t\t\t\t\t\t\t\t<span class=\"elementor-button-text\">Ver m\u00e1s<\/span>\n\t\t\t\t\t<\/span>\n\t\t\t\t\t<\/a>\n\t\t\t\t<\/div>\n\t\t\t\t\t\t\t\t<\/div>\n\t\t\t\t<\/div>\n\t\t\t\t\t<\/div>\n\t\t<\/div>\n\t\t\t\t\t<\/div>\n\t\t<\/section>\n\t\t\t\t<section class=\"elementor-section elementor-inner-section elementor-element elementor-element-43a66922 elementor-section-full_width elementor-section-height-default elementor-section-height-default\" data-id=\"43a66922\" data-element_type=\"section\">\n\t\t\t\t\t\t<div class=\"elementor-container elementor-column-gap-default\">\n\t\t\t\t\t<div class=\"elementor-column elementor-col-50 elementor-inner-column elementor-element elementor-element-7585c62a box2\" data-id=\"7585c62a\" data-element_type=\"column\">\n\t\t\t<div class=\"elementor-widget-wrap elementor-element-populated\">\n\t\t\t\t\t\t<div class=\"elementor-element elementor-element-514ef407 mas elementor-widget elementor-widget-heading\" data-id=\"514ef407\" data-element_type=\"widget\" data-widget_type=\"heading.default\">\n\t\t\t\t<div class=\"elementor-widget-container\">\n\t\t\t\t\t<h2 class=\"elementor-heading-title elementor-size-default\">M\u00c1S vigencia<\/h2>\t\t\t\t<\/div>\n\t\t\t\t<\/div>\n\t\t\t\t<div class=\"elementor-element elementor-element-4746bb3b elementor-widget elementor-widget-heading\" data-id=\"4746bb3b\" data-element_type=\"widget\" data-widget_type=\"heading.default\">\n\t\t\t\t<div class=\"elementor-widget-container\">\n\t\t\t\t\t<h2 class=\"elementor-heading-title elementor-size-default\">Movistar El Salvador<\/h2>\t\t\t\t<\/div>\n\t\t\t\t<\/div>\n\t\t\t\t<div class=\"elementor-element elementor-element-2dfa3302 elementor-widget__width-initial elementor-widget elementor-widget-text-editor\" data-id=\"2dfa3302\" data-element_type=\"widget\" data-widget_type=\"text-editor.default\">\n\t\t\t\t<div class=\"elementor-widget-container\">\n\t\t\t\t\t\t\t\t\t<p>La telefon\u00eda es una categor\u00eda altamente competitiva, con ofertas comerciales muy similares y muy poca diferenciaci\u00f3n.<\/p>\t\t\t\t\t\t\t\t<\/div>\n\t\t\t\t<\/div>\n\t\t\t\t<div class=\"elementor-element elementor-element-2a63baa1 elementor-align-right elementor-widget elementor-widget-button\" data-id=\"2a63baa1\" data-element_type=\"widget\" data-widget_type=\"button.default\">\n\t\t\t\t<div class=\"elementor-widget-container\">\n\t\t\t\t\t\t\t\t\t<div class=\"elementor-button-wrapper\">\n\t\t\t\t\t<a class=\"elementor-button elementor-button-link elementor-size-sm\" href=\"https:\/\/fcbcrea.com\/sv\/masvigencia\/\">\n\t\t\t\t\t\t<span class=\"elementor-button-content-wrapper\">\n\t\t\t\t\t\t\t\t\t<span class=\"elementor-button-text\">Ver m\u00e1s<\/span>\n\t\t\t\t\t<\/span>\n\t\t\t\t\t<\/a>\n\t\t\t\t<\/div>\n\t\t\t\t\t\t\t\t<\/div>\n\t\t\t\t<\/div>\n\t\t\t\t\t<\/div>\n\t\t<\/div>\n\t\t\t\t<div class=\"elementor-column elementor-col-50 elementor-inner-column elementor-element elementor-element-3c31c386\" data-id=\"3c31c386\" data-element_type=\"column\">\n\t\t\t<div class=\"elementor-widget-wrap elementor-element-populated\">\n\t\t\t\t\t\t<div class=\"elementor-element elementor-element-79c21819 elementor-widget elementor-widget-image\" data-id=\"79c21819\" data-element_type=\"widget\" data-widget_type=\"image.default\">\n\t\t\t\t<div class=\"elementor-widget-container\">\n\t\t\t\t\t\t\t\t\t\t\t\t\t\t\t<img decoding=\"async\" width=\"800\" height=\"450\" src=\"https:\/\/fcbcrea.com\/sv\/wp-content\/uploads\/sites\/4\/2022\/12\/Untitled-2.png\" class=\"attachment-full size-full wp-image-5938\" alt=\"\" srcset=\"https:\/\/fcbcrea.com\/sv\/wp-content\/uploads\/sites\/4\/2022\/12\/Untitled-2.png 800w, https:\/\/fcbcrea.com\/sv\/wp-content\/uploads\/sites\/4\/2022\/12\/Untitled-2-300x169.png 300w, https:\/\/fcbcrea.com\/sv\/wp-content\/uploads\/sites\/4\/2022\/12\/Untitled-2-768x432.png 768w, https:\/\/fcbcrea.com\/sv\/wp-content\/uploads\/sites\/4\/2022\/12\/Untitled-2-360x203.png 360w, https:\/\/fcbcrea.com\/sv\/wp-content\/uploads\/sites\/4\/2022\/12\/Untitled-2-373x210.png 373w, https:\/\/fcbcrea.com\/sv\/wp-content\/uploads\/sites\/4\/2022\/12\/Untitled-2-80x45.png 80w, https:\/\/fcbcrea.com\/sv\/wp-content\/uploads\/sites\/4\/2022\/12\/Untitled-2-620x349.png 620w, https:\/\/fcbcrea.com\/sv\/wp-content\/uploads\/sites\/4\/2022\/12\/Untitled-2-460x259.png 460w, https:\/\/fcbcrea.com\/sv\/wp-content\/uploads\/sites\/4\/2022\/12\/Untitled-2-365x205.png 365w, https:\/\/fcbcrea.com\/sv\/wp-content\/uploads\/sites\/4\/2022\/12\/Untitled-2-600x338.png 600w\" sizes=\"(max-width: 800px) 100vw, 800px\" \/>\t\t\t\t\t\t\t\t\t\t\t\t\t\t\t<\/div>\n\t\t\t\t<\/div>\n\t\t\t\t\t<\/div>\n\t\t<\/div>\n\t\t\t\t\t<\/div>\n\t\t<\/section>\n\t\t\t\t<section class=\"elementor-section elementor-inner-section elementor-element elementor-element-6e67cc6d elementor-section-full_width elementor-section-height-default elementor-section-height-default\" data-id=\"6e67cc6d\" data-element_type=\"section\">\n\t\t\t\t\t\t<div class=\"elementor-container elementor-column-gap-default\">\n\t\t\t\t\t<div class=\"elementor-column elementor-col-50 elementor-inner-column elementor-element elementor-element-5ff381b4\" data-id=\"5ff381b4\" data-element_type=\"column\">\n\t\t\t<div class=\"elementor-widget-wrap elementor-element-populated\">\n\t\t\t\t\t\t<div class=\"elementor-element elementor-element-10546fff elementor-widget elementor-widget-image\" data-id=\"10546fff\" data-element_type=\"widget\" data-widget_type=\"image.default\">\n\t\t\t\t<div class=\"elementor-widget-container\">\n\t\t\t\t\t\t\t\t\t\t\t\t\t\t\t<img decoding=\"async\" width=\"800\" height=\"450\" src=\"https:\/\/fcbcrea.com\/sv\/wp-content\/uploads\/sites\/4\/2022\/12\/2-1.png\" class=\"attachment-full size-full wp-image-5939\" alt=\"\" srcset=\"https:\/\/fcbcrea.com\/sv\/wp-content\/uploads\/sites\/4\/2022\/12\/2-1.png 800w, https:\/\/fcbcrea.com\/sv\/wp-content\/uploads\/sites\/4\/2022\/12\/2-1-300x169.png 300w, https:\/\/fcbcrea.com\/sv\/wp-content\/uploads\/sites\/4\/2022\/12\/2-1-768x432.png 768w, https:\/\/fcbcrea.com\/sv\/wp-content\/uploads\/sites\/4\/2022\/12\/2-1-360x203.png 360w, https:\/\/fcbcrea.com\/sv\/wp-content\/uploads\/sites\/4\/2022\/12\/2-1-373x210.png 373w, https:\/\/fcbcrea.com\/sv\/wp-content\/uploads\/sites\/4\/2022\/12\/2-1-80x45.png 80w, https:\/\/fcbcrea.com\/sv\/wp-content\/uploads\/sites\/4\/2022\/12\/2-1-620x349.png 620w, https:\/\/fcbcrea.com\/sv\/wp-content\/uploads\/sites\/4\/2022\/12\/2-1-460x259.png 460w, https:\/\/fcbcrea.com\/sv\/wp-content\/uploads\/sites\/4\/2022\/12\/2-1-365x205.png 365w, https:\/\/fcbcrea.com\/sv\/wp-content\/uploads\/sites\/4\/2022\/12\/2-1-600x338.png 600w\" sizes=\"(max-width: 800px) 100vw, 800px\" \/>\t\t\t\t\t\t\t\t\t\t\t\t\t\t\t<\/div>\n\t\t\t\t<\/div>\n\t\t\t\t\t<\/div>\n\t\t<\/div>\n\t\t\t\t<div class=\"elementor-column elementor-col-50 elementor-inner-column elementor-element elementor-element-7624d494 box3\" data-id=\"7624d494\" data-element_type=\"column\">\n\t\t\t<div class=\"elementor-widget-wrap elementor-element-populated\">\n\t\t\t\t\t\t<div class=\"elementor-element elementor-element-62925bd elementor-widget elementor-widget-html\" data-id=\"62925bd\" data-element_type=\"widget\" data-widget_type=\"html.default\">\n\t\t\t\t<div class=\"elementor-widget-container\">\n\t\t\t\t\t<div class=\"contentDividerLeft\">\n    <div class=\"divider\"><\/div>\n    \n<\/div>\t\t\t\t<\/div>\n\t\t\t\t<\/div>\n\t\t\t\t<div class=\"elementor-element elementor-element-685321c3 app elementor-widget elementor-widget-heading\" data-id=\"685321c3\" data-element_type=\"widget\" data-widget_type=\"heading.default\">\n\t\t\t\t<div class=\"elementor-widget-container\">\n\t\t\t\t\t<h2 class=\"elementor-heading-title elementor-size-default\">App Promerica<\/h2>\t\t\t\t<\/div>\n\t\t\t\t<\/div>\n\t\t\t\t<div class=\"elementor-element elementor-element-6ac19ba2 elementor-widget elementor-widget-heading\" data-id=\"6ac19ba2\" data-element_type=\"widget\" data-widget_type=\"heading.default\">\n\t\t\t\t<div class=\"elementor-widget-container\">\n\t\t\t\t\t<h2 class=\"elementor-heading-title elementor-size-default\">Banco Promerica<\/h2>\t\t\t\t<\/div>\n\t\t\t\t<\/div>\n\t\t\t\t<div class=\"elementor-element elementor-element-5be4244f elementor-widget__width-initial elementor-widget elementor-widget-text-editor\" data-id=\"5be4244f\" data-element_type=\"widget\" data-widget_type=\"text-editor.default\">\n\t\t\t\t<div class=\"elementor-widget-container\">\n\t\t\t\t\t\t\t\t\t<p>Banco Promerica ha iniciado un proceso de transformaci\u00f3n digital, con el objetivo de hacer m\u00e1s f\u00e1cil la vida de los usuarios.<\/p>\t\t\t\t\t\t\t\t<\/div>\n\t\t\t\t<\/div>\n\t\t\t\t<div class=\"elementor-element elementor-element-7899a229 elementor-align-left elementor-widget elementor-widget-button\" data-id=\"7899a229\" data-element_type=\"widget\" data-widget_type=\"button.default\">\n\t\t\t\t<div class=\"elementor-widget-container\">\n\t\t\t\t\t\t\t\t\t<div class=\"elementor-button-wrapper\">\n\t\t\t\t\t<a class=\"elementor-button elementor-button-link elementor-size-sm\" href=\"https:\/\/fcbcrea.com\/sv\/apppromerica\/\">\n\t\t\t\t\t\t<span class=\"elementor-button-content-wrapper\">\n\t\t\t\t\t\t\t\t\t<span class=\"elementor-button-text\">Ver m\u00e1s<\/span>\n\t\t\t\t\t<\/span>\n\t\t\t\t\t<\/a>\n\t\t\t\t<\/div>\n\t\t\t\t\t\t\t\t<\/div>\n\t\t\t\t<\/div>\n\t\t\t\t\t<\/div>\n\t\t<\/div>\n\t\t\t\t\t<\/div>\n\t\t<\/section>\n\t\t\t\t\t<\/div>\n\t\t<\/div>\n\t\t\t\t\t<\/div>\n\t\t<\/section>\n\t\t\t\t<section class=\"elementor-section elementor-top-section elementor-element elementor-element-f321105 elementor-section-stretched elementor-section-boxed elementor-section-height-default elementor-section-height-default\" data-id=\"f321105\" data-element_type=\"section\" data-settings=\"{&quot;stretch_section&quot;:&quot;section-stretched&quot;}\">\n\t\t\t\t\t\t<div class=\"elementor-container elementor-column-gap-default\">\n\t\t\t\t\t<div class=\"elementor-column elementor-col-100 elementor-top-column elementor-element elementor-element-b15a75d\" data-id=\"b15a75d\" data-element_type=\"column\">\n\t\t\t<div class=\"elementor-widget-wrap\">\n\t\t\t\t\t\t\t<\/div>\n\t\t<\/div>\n\t\t\t\t\t<\/div>\n\t\t<\/section>\n\t\t\t\t<\/div>\n\t\t","protected":false},"excerpt":{"rendered":"<p class=\"tx-excerpt\">Proyectos En modo conquista Movistar El Salvador Para comunicar la nueva etapa en la actualizaci\u00f3n y modernizaci\u00f3n de la red, debemos definir una","protected":false},"author":1,"featured_media":0,"parent":0,"menu_order":0,"comment_status":"closed","ping_status":"closed","template":"","meta":{"_acf_changed":false,"footnotes":""},"class_list":["post-235","page","type-page","status-publish","hentry"],"acf":[],"jetpack_sharing_enabled":true,"_links":{"self":[{"href":"https:\/\/fcbcrea.com\/sv\/wp-json\/wp\/v2\/pages\/235","targetHints":{"allow":["GET"]}}],"collection":[{"href":"https:\/\/fcbcrea.com\/sv\/wp-json\/wp\/v2\/pages"}],"about":[{"href":"https:\/\/fcbcrea.com\/sv\/wp-json\/wp\/v2\/types\/page"}],"author":[{"embeddable":true,"href":"https:\/\/fcbcrea.com\/sv\/wp-json\/wp\/v2\/users\/1"}],"replies":[{"embeddable":true,"href":"https:\/\/fcbcrea.com\/sv\/wp-json\/wp\/v2\/comments?post=235"}],"version-history":[{"count":73,"href":"https:\/\/fcbcrea.com\/sv\/wp-json\/wp\/v2\/pages\/235\/revisions"}],"predecessor-version":[{"id":6875,"href":"https:\/\/fcbcrea.com\/sv\/wp-json\/wp\/v2\/pages\/235\/revisions\/6875"}],"wp:attachment":[{"href":"https:\/\/fcbcrea.com\/sv\/wp-json\/wp\/v2\/media?parent=235"}],"curies":[{"name":"wp","href":"https:\/\/api.w.org\/{rel}","templated":true}]}}