{"id":5967,"date":"2022-12-03T03:37:38","date_gmt":"2022-12-03T03:37:38","guid":{"rendered":"https:\/\/fcbcrea.com\/sv\/?page_id=5967"},"modified":"2022-12-03T20:15:18","modified_gmt":"2022-12-03T20:15:18","slug":"modo-conquista","status":"publish","type":"page","link":"https:\/\/fcbcrea.com\/sv\/modo-conquista\/","title":{"rendered":"EnModoconquista"},"content":{"rendered":"\t\t<div data-elementor-type=\"wp-page\" data-elementor-id=\"5967\" class=\"elementor elementor-5967\">\n\t\t\t\t\t\t<section class=\"elementor-section elementor-top-section elementor-element elementor-element-2e3885e elementor-section-height-min-height elementor-section-stretched elementor-section-boxed elementor-section-height-default elementor-section-items-middle\" data-id=\"2e3885e\" data-element_type=\"section\" data-settings=\"{&quot;stretch_section&quot;:&quot;section-stretched&quot;,&quot;background_background&quot;:&quot;classic&quot;}\">\n\t\t\t\t\t\t<div class=\"elementor-container elementor-column-gap-default\">\n\t\t\t\t\t<div class=\"elementor-column elementor-col-100 elementor-top-column elementor-element elementor-element-55b456e\" data-id=\"55b456e\" data-element_type=\"column\">\n\t\t\t<div class=\"elementor-widget-wrap\">\n\t\t\t\t\t\t\t<\/div>\n\t\t<\/div>\n\t\t\t\t\t<\/div>\n\t\t<\/section>\n\t\t\t\t<section class=\"elementor-section elementor-top-section elementor-element elementor-element-faf9acc elementor-section-stretched elementor-section-boxed elementor-section-height-default elementor-section-height-default\" data-id=\"faf9acc\" data-element_type=\"section\" data-settings=\"{&quot;stretch_section&quot;:&quot;section-stretched&quot;}\">\n\t\t\t\t\t\t<div class=\"elementor-container elementor-column-gap-default\">\n\t\t\t\t\t<div class=\"elementor-column elementor-col-100 elementor-top-column elementor-element elementor-element-1e0efa4\" data-id=\"1e0efa4\" data-element_type=\"column\">\n\t\t\t<div class=\"elementor-widget-wrap elementor-element-populated\">\n\t\t\t\t\t\t<div class=\"elementor-element elementor-element-da0eb65 elementor-widget elementor-widget-heading\" data-id=\"da0eb65\" data-element_type=\"widget\" data-widget_type=\"heading.default\">\n\t\t\t\t<div class=\"elementor-widget-container\">\n\t\t\t\t\t<h2 class=\"elementor-heading-title elementor-size-default\">En modo conquista<\/h2>\t\t\t\t<\/div>\n\t\t\t\t<\/div>\n\t\t\t\t<div class=\"elementor-element elementor-element-a12c283 elementor-widget elementor-widget-heading\" data-id=\"a12c283\" data-element_type=\"widget\" data-widget_type=\"heading.default\">\n\t\t\t\t<div class=\"elementor-widget-container\">\n\t\t\t\t\t<h2 class=\"elementor-heading-title elementor-size-default\">Movistar El Salvador<\/h2>\t\t\t\t<\/div>\n\t\t\t\t<\/div>\n\t\t\t\t<div class=\"elementor-element elementor-element-bcde8d2 elementor-widget__width-initial elementor-widget elementor-widget-text-editor\" data-id=\"bcde8d2\" data-element_type=\"widget\" data-widget_type=\"text-editor.default\">\n\t\t\t\t<div class=\"elementor-widget-container\">\n\t\t\t\t\t\t\t\t\t<p><strong>Contexto:<\/strong> Para comunicar la nueva etapa en la actualizaci\u00f3n y modernizaci\u00f3n de la red, debemos definir una serie de acciones que refuercen las \u201creasons to believe\u201dde Movistar<\/p><p><strong>Reto<\/strong>: Hace tiempo Movistar tiene una relaci\u00f3n con sus clientes y se han dado cuenta en lo que les hace falta. Saber lo que el cliente quiere, es una se\u00f1al para poder reconciliarse con ellos, d\u00e1ndoles la se\u00f1al que esperan para vivir una relaci\u00f3n de conexi\u00f3n diferente y mejor que antes.<\/p><p><strong>La soluci\u00f3n:<\/strong> Reconquistar a los clientes porque entendimos sus se\u00f1ales por eso la marca inicio su <em>modo conquista,<\/em> para demostrar que ha iniciado uns transformaci\u00f3n tecnologica para brindar una mejora en el servicio de red.<\/p>\t\t\t\t\t\t\t\t<\/div>\n\t\t\t\t<\/div>\n\t\t\t\t<div class=\"elementor-element elementor-element-2507de0 elementor-widget elementor-widget-video\" data-id=\"2507de0\" data-element_type=\"widget\" data-settings=\"{&quot;video_type&quot;:&quot;hosted&quot;,&quot;controls&quot;:&quot;yes&quot;}\" data-widget_type=\"video.default\">\n\t\t\t\t<div class=\"elementor-widget-container\">\n\t\t\t\t\t\t\t<div class=\"e-hosted-video elementor-wrapper elementor-open-inline\">\n\t\t\t\t\t<video class=\"elementor-video\" src=\"https:\/\/fcbcrea.com\/sv\/wp-content\/uploads\/sites\/4\/2022\/12\/Estamos-en-Modo-Conquista_1080p.mp4\" controls=\"\" preload=\"metadata\" controlsList=\"nodownload\" poster=\"https:\/\/fcbcrea.com\/sv\/wp-content\/uploads\/sites\/4\/2022\/12\/Untitled-1.png\"><\/video>\n\t\t\t\t<\/div>\n\t\t\t\t\t\t<\/div>\n\t\t\t\t<\/div>\n\t\t\t\t\t<\/div>\n\t\t<\/div>\n\t\t\t\t\t<\/div>\n\t\t<\/section>\n\t\t\t\t<\/div>\n\t\t","protected":false},"excerpt":{"rendered":"<p class=\"tx-excerpt\">En modo conquista Movistar El Salvador Contexto: Para comunicar la nueva etapa en la actualizaci\u00f3n y modernizaci\u00f3n de la red, debemos definir una","protected":false},"author":1,"featured_media":0,"parent":0,"menu_order":0,"comment_status":"closed","ping_status":"closed","template":"","meta":{"_acf_changed":false,"footnotes":""},"class_list":["post-5967","page","type-page","status-publish","hentry"],"acf":[],"jetpack_sharing_enabled":true,"_links":{"self":[{"href":"https:\/\/fcbcrea.com\/sv\/wp-json\/wp\/v2\/pages\/5967","targetHints":{"allow":["GET"]}}],"collection":[{"href":"https:\/\/fcbcrea.com\/sv\/wp-json\/wp\/v2\/pages"}],"about":[{"href":"https:\/\/fcbcrea.com\/sv\/wp-json\/wp\/v2\/types\/page"}],"author":[{"embeddable":true,"href":"https:\/\/fcbcrea.com\/sv\/wp-json\/wp\/v2\/users\/1"}],"replies":[{"embeddable":true,"href":"https:\/\/fcbcrea.com\/sv\/wp-json\/wp\/v2\/comments?post=5967"}],"version-history":[{"count":14,"href":"https:\/\/fcbcrea.com\/sv\/wp-json\/wp\/v2\/pages\/5967\/revisions"}],"predecessor-version":[{"id":5988,"href":"https:\/\/fcbcrea.com\/sv\/wp-json\/wp\/v2\/pages\/5967\/revisions\/5988"}],"wp:attachment":[{"href":"https:\/\/fcbcrea.com\/sv\/wp-json\/wp\/v2\/media?parent=5967"}],"curies":[{"name":"wp","href":"https:\/\/api.w.org\/{rel}","templated":true}]}}