{"id":5998,"date":"2022-12-03T20:20:34","date_gmt":"2022-12-03T20:20:34","guid":{"rendered":"https:\/\/fcbcrea.com\/sv\/?page_id=5998"},"modified":"2022-12-03T20:29:37","modified_gmt":"2022-12-03T20:29:37","slug":"masvigencia","status":"publish","type":"page","link":"https:\/\/fcbcrea.com\/sv\/masvigencia\/","title":{"rendered":"MasVigencia"},"content":{"rendered":"\t\t<div data-elementor-type=\"wp-page\" data-elementor-id=\"5998\" class=\"elementor elementor-5998\">\n\t\t\t\t\t\t<section class=\"elementor-section elementor-top-section elementor-element elementor-element-1d7bfc54 elementor-section-height-min-height elementor-section-stretched elementor-section-boxed elementor-section-height-default elementor-section-items-middle\" data-id=\"1d7bfc54\" data-element_type=\"section\" data-settings=\"{&quot;stretch_section&quot;:&quot;section-stretched&quot;,&quot;background_background&quot;:&quot;classic&quot;}\">\n\t\t\t\t\t\t<div class=\"elementor-container elementor-column-gap-default\">\n\t\t\t\t\t<div class=\"elementor-column elementor-col-100 elementor-top-column elementor-element elementor-element-8b6a9c3\" data-id=\"8b6a9c3\" data-element_type=\"column\">\n\t\t\t<div class=\"elementor-widget-wrap\">\n\t\t\t\t\t\t\t<\/div>\n\t\t<\/div>\n\t\t\t\t\t<\/div>\n\t\t<\/section>\n\t\t\t\t<section class=\"elementor-section elementor-top-section elementor-element elementor-element-b7edbc3 elementor-section-stretched elementor-section-boxed elementor-section-height-default elementor-section-height-default\" data-id=\"b7edbc3\" data-element_type=\"section\" data-settings=\"{&quot;stretch_section&quot;:&quot;section-stretched&quot;}\">\n\t\t\t\t\t\t<div class=\"elementor-container elementor-column-gap-default\">\n\t\t\t\t\t<div class=\"elementor-column elementor-col-100 elementor-top-column elementor-element elementor-element-7191566f\" data-id=\"7191566f\" data-element_type=\"column\">\n\t\t\t<div class=\"elementor-widget-wrap elementor-element-populated\">\n\t\t\t\t\t\t<div class=\"elementor-element elementor-element-23a34e5f elementor-widget elementor-widget-heading\" data-id=\"23a34e5f\" data-element_type=\"widget\" data-widget_type=\"heading.default\">\n\t\t\t\t<div class=\"elementor-widget-container\">\n\t\t\t\t\t<h2 class=\"elementor-heading-title elementor-size-default\">M\u00c1S vigencia<\/h2>\t\t\t\t<\/div>\n\t\t\t\t<\/div>\n\t\t\t\t<div class=\"elementor-element elementor-element-72eb5111 elementor-widget elementor-widget-heading\" data-id=\"72eb5111\" data-element_type=\"widget\" data-widget_type=\"heading.default\">\n\t\t\t\t<div class=\"elementor-widget-container\">\n\t\t\t\t\t<h2 class=\"elementor-heading-title elementor-size-default\">Movistar El Salvador<\/h2>\t\t\t\t<\/div>\n\t\t\t\t<\/div>\n\t\t\t\t<div class=\"elementor-element elementor-element-1dcf04e4 elementor-widget__width-initial elementor-widget elementor-widget-text-editor\" data-id=\"1dcf04e4\" data-element_type=\"widget\" data-widget_type=\"text-editor.default\">\n\t\t\t\t<div class=\"elementor-widget-container\">\n\t\t\t\t\t\t\t\t\t<p><strong>Contexto:<\/strong> La telefon\u00eda es una categor\u00eda altamente competitiva, con ofertas comerciales muy similares y muy poca diferenciaci\u00f3n.<\/p><p><strong>Reto<\/strong>: Posicionar a Movistar como la amrca que sabe lo que el usuairo necesita y que le ofrece las mejores opciones en planes y paquetes para mantenerse conectado por mucho m\u00e1s tiempo.<\/p><p><strong>La soluci\u00f3n:<\/strong> Entender el comportamiento del consumidor de datos m\u00f3viles y adecuar nuestra campa\u00f1a a una oferta acorde a sus necesidades.<\/p>\t\t\t\t\t\t\t\t<\/div>\n\t\t\t\t<\/div>\n\t\t\t\t<div class=\"elementor-element elementor-element-3d56fccb elementor-widget elementor-widget-video\" data-id=\"3d56fccb\" data-element_type=\"widget\" data-settings=\"{&quot;video_type&quot;:&quot;hosted&quot;,&quot;controls&quot;:&quot;yes&quot;}\" data-widget_type=\"video.default\">\n\t\t\t\t<div class=\"elementor-widget-container\">\n\t\t\t\t\t\t\t<div class=\"e-hosted-video elementor-wrapper elementor-open-inline\">\n\t\t\t\t\t<video class=\"elementor-video\" src=\"https:\/\/fcbcrea.com\/sv\/wp-content\/uploads\/sites\/4\/2022\/12\/Porque-ama\u0301s-ahorrar_1080p.mp4\" controls=\"\" preload=\"metadata\" controlsList=\"nodownload\" poster=\"https:\/\/fcbcrea.com\/sv\/wp-content\/uploads\/sites\/4\/2022\/12\/Untitled-3.png\"><\/video>\n\t\t\t\t<\/div>\n\t\t\t\t\t\t<\/div>\n\t\t\t\t<\/div>\n\t\t\t\t\t<\/div>\n\t\t<\/div>\n\t\t\t\t\t<\/div>\n\t\t<\/section>\n\t\t\t\t<\/div>\n\t\t","protected":false},"excerpt":{"rendered":"<p class=\"tx-excerpt\">M\u00c1S vigencia Movistar El Salvador Contexto: La telefon\u00eda es una categor\u00eda altamente competitiva, con ofertas comerciales muy similares y muy poca diferenciaci\u00f3n. Reto:","protected":false},"author":1,"featured_media":0,"parent":0,"menu_order":0,"comment_status":"closed","ping_status":"closed","template":"","meta":{"_acf_changed":false,"footnotes":""},"class_list":["post-5998","page","type-page","status-publish","hentry"],"acf":[],"jetpack_sharing_enabled":true,"_links":{"self":[{"href":"https:\/\/fcbcrea.com\/sv\/wp-json\/wp\/v2\/pages\/5998","targetHints":{"allow":["GET"]}}],"collection":[{"href":"https:\/\/fcbcrea.com\/sv\/wp-json\/wp\/v2\/pages"}],"about":[{"href":"https:\/\/fcbcrea.com\/sv\/wp-json\/wp\/v2\/types\/page"}],"author":[{"embeddable":true,"href":"https:\/\/fcbcrea.com\/sv\/wp-json\/wp\/v2\/users\/1"}],"replies":[{"embeddable":true,"href":"https:\/\/fcbcrea.com\/sv\/wp-json\/wp\/v2\/comments?post=5998"}],"version-history":[{"count":7,"href":"https:\/\/fcbcrea.com\/sv\/wp-json\/wp\/v2\/pages\/5998\/revisions"}],"predecessor-version":[{"id":6013,"href":"https:\/\/fcbcrea.com\/sv\/wp-json\/wp\/v2\/pages\/5998\/revisions\/6013"}],"wp:attachment":[{"href":"https:\/\/fcbcrea.com\/sv\/wp-json\/wp\/v2\/media?parent=5998"}],"curies":[{"name":"wp","href":"https:\/\/api.w.org\/{rel}","templated":true}]}}