{"id":6017,"date":"2022-12-03T20:30:43","date_gmt":"2022-12-03T20:30:43","guid":{"rendered":"https:\/\/fcbcrea.com\/sv\/?page_id=6017"},"modified":"2022-12-03T20:36:16","modified_gmt":"2022-12-03T20:36:16","slug":"apppromerica","status":"publish","type":"page","link":"https:\/\/fcbcrea.com\/sv\/apppromerica\/","title":{"rendered":"AppPromerica"},"content":{"rendered":"\t\t<div data-elementor-type=\"wp-page\" data-elementor-id=\"6017\" class=\"elementor elementor-6017\">\n\t\t\t\t\t\t<section class=\"elementor-section elementor-top-section elementor-element elementor-element-7a5af3e7 elementor-section-height-min-height elementor-section-stretched elementor-section-boxed elementor-section-height-default elementor-section-items-middle\" data-id=\"7a5af3e7\" data-element_type=\"section\" data-settings=\"{&quot;stretch_section&quot;:&quot;section-stretched&quot;,&quot;background_background&quot;:&quot;classic&quot;}\">\n\t\t\t\t\t\t<div class=\"elementor-container elementor-column-gap-default\">\n\t\t\t\t\t<div class=\"elementor-column elementor-col-100 elementor-top-column elementor-element elementor-element-6548ba28\" data-id=\"6548ba28\" data-element_type=\"column\">\n\t\t\t<div class=\"elementor-widget-wrap\">\n\t\t\t\t\t\t\t<\/div>\n\t\t<\/div>\n\t\t\t\t\t<\/div>\n\t\t<\/section>\n\t\t\t\t<section class=\"elementor-section elementor-top-section elementor-element elementor-element-57ec1ba9 elementor-section-stretched elementor-section-boxed elementor-section-height-default elementor-section-height-default\" data-id=\"57ec1ba9\" data-element_type=\"section\" data-settings=\"{&quot;stretch_section&quot;:&quot;section-stretched&quot;}\">\n\t\t\t\t\t\t<div class=\"elementor-container elementor-column-gap-default\">\n\t\t\t\t\t<div class=\"elementor-column elementor-col-100 elementor-top-column elementor-element elementor-element-76611fbe\" data-id=\"76611fbe\" data-element_type=\"column\">\n\t\t\t<div class=\"elementor-widget-wrap elementor-element-populated\">\n\t\t\t\t\t\t<div class=\"elementor-element elementor-element-131a87d3 elementor-widget elementor-widget-heading\" data-id=\"131a87d3\" data-element_type=\"widget\" data-widget_type=\"heading.default\">\n\t\t\t\t<div class=\"elementor-widget-container\">\n\t\t\t\t\t<h2 class=\"elementor-heading-title elementor-size-default\">App Promerica<\/h2>\t\t\t\t<\/div>\n\t\t\t\t<\/div>\n\t\t\t\t<div class=\"elementor-element elementor-element-60f3a5bd elementor-widget elementor-widget-heading\" data-id=\"60f3a5bd\" data-element_type=\"widget\" data-widget_type=\"heading.default\">\n\t\t\t\t<div class=\"elementor-widget-container\">\n\t\t\t\t\t<h2 class=\"elementor-heading-title elementor-size-default\">Banco Promerica<\/h2>\t\t\t\t<\/div>\n\t\t\t\t<\/div>\n\t\t\t\t<div class=\"elementor-element elementor-element-751c7251 elementor-widget__width-initial elementor-widget elementor-widget-text-editor\" data-id=\"751c7251\" data-element_type=\"widget\" data-widget_type=\"text-editor.default\">\n\t\t\t\t<div class=\"elementor-widget-container\">\n\t\t\t\t\t\t\t\t\t<p><strong>Contexto:<\/strong> Banco Promerica ha iniciado un proceso de transformaci\u00f3n digital, con el objetivo de hacer m\u00e1s f\u00e1cil la vida de los usuarios.<\/p><p><strong>Reto<\/strong>: Lograr posicionar al Banco Promerica como un banco innovador, fresco, actualizado, en tendencias que ofrece soluciones de acorde al estilo de vida de sus usuarios.<\/p><p><strong>La soluci\u00f3n:<\/strong> Se invit\u00f3 al usuario a ser parte de esta transformaci\u00f3n. Con este conocimiento, se desarroll\u00f3 una nueva experiencia de usuario de la App, desde sus propias motivaciones y necesidades. Es as\u00ed como nace el concepto DESDE TI Y PARA TI.<\/p>\t\t\t\t\t\t\t\t<\/div>\n\t\t\t\t<\/div>\n\t\t\t\t<div class=\"elementor-element elementor-element-2f1ee16 elementor-widget elementor-widget-video\" data-id=\"2f1ee16\" data-element_type=\"widget\" data-settings=\"{&quot;video_type&quot;:&quot;hosted&quot;,&quot;controls&quot;:&quot;yes&quot;}\" data-widget_type=\"video.default\">\n\t\t\t\t<div class=\"elementor-widget-container\">\n\t\t\t\t\t\t\t<div class=\"e-hosted-video elementor-wrapper elementor-open-inline\">\n\t\t\t\t\t<video class=\"elementor-video\" src=\"https:\/\/fcbcrea.com\/sv\/wp-content\/uploads\/sites\/4\/2022\/12\/Nueva-App_1080p.mp4\" controls=\"\" preload=\"metadata\" controlsList=\"nodownload\" poster=\"https:\/\/fcbcrea.com\/sv\/wp-content\/uploads\/sites\/4\/2022\/12\/2-1.png\"><\/video>\n\t\t\t\t<\/div>\n\t\t\t\t\t\t<\/div>\n\t\t\t\t<\/div>\n\t\t\t\t\t<\/div>\n\t\t<\/div>\n\t\t\t\t\t<\/div>\n\t\t<\/section>\n\t\t\t\t<\/div>\n\t\t","protected":false},"excerpt":{"rendered":"<p class=\"tx-excerpt\">App Promerica Banco Promerica Contexto: Banco Promerica ha iniciado un proceso de transformaci\u00f3n digital, con el objetivo de hacer m\u00e1s f\u00e1cil la vida","protected":false},"author":1,"featured_media":0,"parent":0,"menu_order":0,"comment_status":"closed","ping_status":"closed","template":"","meta":{"_acf_changed":false,"footnotes":""},"class_list":["post-6017","page","type-page","status-publish","hentry"],"acf":[],"jetpack_sharing_enabled":true,"_links":{"self":[{"href":"https:\/\/fcbcrea.com\/sv\/wp-json\/wp\/v2\/pages\/6017","targetHints":{"allow":["GET"]}}],"collection":[{"href":"https:\/\/fcbcrea.com\/sv\/wp-json\/wp\/v2\/pages"}],"about":[{"href":"https:\/\/fcbcrea.com\/sv\/wp-json\/wp\/v2\/types\/page"}],"author":[{"embeddable":true,"href":"https:\/\/fcbcrea.com\/sv\/wp-json\/wp\/v2\/users\/1"}],"replies":[{"embeddable":true,"href":"https:\/\/fcbcrea.com\/sv\/wp-json\/wp\/v2\/comments?post=6017"}],"version-history":[{"count":4,"href":"https:\/\/fcbcrea.com\/sv\/wp-json\/wp\/v2\/pages\/6017\/revisions"}],"predecessor-version":[{"id":6024,"href":"https:\/\/fcbcrea.com\/sv\/wp-json\/wp\/v2\/pages\/6017\/revisions\/6024"}],"wp:attachment":[{"href":"https:\/\/fcbcrea.com\/sv\/wp-json\/wp\/v2\/media?parent=6017"}],"curies":[{"name":"wp","href":"https:\/\/api.w.org\/{rel}","templated":true}]}}